{"id":31763,"date":"2024-11-15T20:07:51","date_gmt":"2024-11-15T20:07:51","guid":{"rendered":"https:\/\/skinmed.lt\/shop\/alumier-neck-decollete-cream-retinol\/"},"modified":"2024-11-15T20:07:51","modified_gmt":"2024-11-15T20:07:51","slug":"alumier-neck-decollete-cream-retinol","status":"publish","type":"product","link":"https:\/\/skinmed.lt\/en\/parduotuve\/alumier-neck-decollete-cream-retinol\/","title":{"rendered":"Alumier Neck and Decollete Cream with Retinol"},"content":{"rendered":"<p>Neck and D\u00e9collet\u00e9 Firming Cream, a gentle firming and moisturising cream for the neck and d\u00e9collet\u00e9 area with retinol to reduce the visible signs of ageing.<\/p>\n<p>A precisely selected amount of retinol firms and strengthens the skin, while liquorice evens skin tone. Gentle floral acids exfoliate dead cells and promote skin renewal. <\/p>\n<section>\n<h3><strong>Components<\/strong><\/h3>\n<p><strong>Hydroxyphenoxy Propionic Acid<\/strong> A skin lightener that reduces colour loss.<\/p>\n<p><strong>Licorice Root Extract<\/strong> Licorice is a skin brightening antioxidant.<\/p>\n<p><strong>Microencapsulated retinol (0.25%)<\/strong> Vitamin A derivative and antioxidant that reduces the appearance of fine lines and wrinkles, improves skin texture and tone, strengthens the skin and increases skin&#8217;s turnover. Retinol also helps to treat blemish-prone skin by unclogging pores, improving skin tone and reducing discolouration. Retinol is released slowly from the microcapsules into the skin overnight, minimising side effects so you can enjoy all the benefits of retinol without any irritation!  <\/p>\n<p><strong>Floral acids<\/strong> These acids, derived from tropical flowers, have the properties of alpha-hydroxy acids and are non-irritating.<\/p>\n<p><strong>Full list of ingredients: <\/strong>WATER\/AQUA\/EAU, GLYCERIN, CAPRYLIC\/CAPRIC TRIGLYCERIDE, CETEARYL ALCOHOL, HAMAMELIS VIRGINIANA (WITCH HAZEL) LEAF EXTRACT, CETEARETH-20, HYDROXYPHENOXY PROPIONIC ACID, SODIUM POLYACRYLATE, RETINOL, BUTYROSPERMUM PARKII (SHEA) BUTTER, HIBISCUS SABDARIFFA FLOWER EXTRACT, TOURMALINE EXTRACT, GLYCYRRHIZA GLABRA (LICORICE) ROOT EXTRACT, ALGAE EXTRACT, TRITICUM VULGARE (WHEAT) GERM OIL, SODIUM HYALURONATE, ALLANTOIN, ALOE BARBADENSIS LEAF JUICE, APRICOT KERNEL OIL PEG-6 ESTERS, TOCOPHERYL ACETATE, METHYLGLUCOSIDE PHOSPHATE, COPPER LYSINATE\/PROLINATE, POLYMETHYL METHACRYLATE, DIMETHICONE, DISODIUM EDTA, PVP, SODIUM HYDROXIDE, LEUCONOSTOC\/RADISH ROOT FERMENT FILTRATE, CITRIC ACID, ALCOHOL, BHT, SODIUM BENZOATE, POTASSIUM SORBATE, ETHYLHEXYLGLYCERIN, PHENOXYETHANOL.<\/p>\n<\/section>\n<section>\n<h3><strong>How to Use<\/strong><\/h3>\n<p>In the evening, gently massage a small amount onto cleansed neck and d\u00e9collet\u00e9 in an upward motion.<\/p>\n<p><strong>Caution!<\/strong>  For external use only. Avoid contact with eyes, eyelids and mucous membranes. Keep out of the reach of children. Do not use if you are pregnant, breastfeeding or intending to become pregnant.<\/p>\n<\/section>\n","protected":false},"excerpt":{"rendered":"<p><strong>Purchase is subject to consultation. Register for a Consultation.<\/strong><\/p>\n[elementor-template id=\"31496\"]\n","protected":false},"featured_media":31229,"comment_status":"open","ping_status":"closed","template":"","meta":[],"product_brand":[],"product_cat":[299],"product_tag":[],"class_list":{"0":"post-31763","1":"product","2":"type-product","3":"status-publish","4":"has-post-thumbnail","6":"product_cat-alumier-cosmetics","7":"_wholesalex wsx-wholesalex-product","9":"first","10":"instock","11":"taxable","12":"shipping-taxable","13":"product-type-external"},"_links":{"self":[{"href":"https:\/\/skinmed.lt\/en\/wp-json\/wp\/v2\/product\/31763","targetHints":{"allow":["GET"]}}],"collection":[{"href":"https:\/\/skinmed.lt\/en\/wp-json\/wp\/v2\/product"}],"about":[{"href":"https:\/\/skinmed.lt\/en\/wp-json\/wp\/v2\/types\/product"}],"replies":[{"embeddable":true,"href":"https:\/\/skinmed.lt\/en\/wp-json\/wp\/v2\/comments?post=31763"}],"version-history":[{"count":0,"href":"https:\/\/skinmed.lt\/en\/wp-json\/wp\/v2\/product\/31763\/revisions"}],"wp:featuredmedia":[{"embeddable":true,"href":"https:\/\/skinmed.lt\/en\/wp-json\/wp\/v2\/media\/31229"}],"wp:attachment":[{"href":"https:\/\/skinmed.lt\/en\/wp-json\/wp\/v2\/media?parent=31763"}],"wp:term":[{"taxonomy":"product_brand","embeddable":true,"href":"https:\/\/skinmed.lt\/en\/wp-json\/wp\/v2\/product_brand?post=31763"},{"taxonomy":"product_cat","embeddable":true,"href":"https:\/\/skinmed.lt\/en\/wp-json\/wp\/v2\/product_cat?post=31763"},{"taxonomy":"product_tag","embeddable":true,"href":"https:\/\/skinmed.lt\/en\/wp-json\/wp\/v2\/product_tag?post=31763"}],"curies":[{"name":"wp","href":"https:\/\/api.w.org\/{rel}","templated":true}]}}