{"id":31920,"date":"2025-01-19T03:28:42","date_gmt":"2025-01-19T03:28:42","guid":{"rendered":"https:\/\/skinmed.lt\/brands\/glutox\/"},"modified":"2025-01-19T03:28:42","modified_gmt":"2025-01-19T03:28:42","slug":"glutox","status":"publish","type":"page","link":"https:\/\/skinmed.lt\/en\/brands\/glutox\/","title":{"rendered":"GlutOx"},"content":{"rendered":"\t\t<div data-elementor-type=\"wp-page\" data-elementor-id=\"31920\" class=\"elementor elementor-31920 elementor-29345\" data-elementor-post-type=\"page\">\n\t\t\t\t\t\t<section class=\"wd-negative-gap elementor-section elementor-top-section elementor-element elementor-element-1ad228eb wd-section-stretch elementor-section-boxed elementor-section-height-default elementor-section-height-default\" data-id=\"1ad228eb\" data-element_type=\"section\" data-settings=\"{&quot;background_background&quot;:&quot;classic&quot;}\">\n\t\t\t\t\t\t<div class=\"elementor-container elementor-column-gap-default\">\n\t\t\t\t\t<div class=\"elementor-column elementor-col-100 elementor-top-column elementor-element elementor-element-6e6562f4\" data-id=\"6e6562f4\" data-element_type=\"column\">\n\t\t\t<div class=\"elementor-widget-wrap elementor-element-populated\">\n\t\t\t\t\t\t<div class=\"elementor-element elementor-element-3bdf50e1 elementor-widget elementor-widget-wd_products_tabs\" data-id=\"3bdf50e1\" data-element_type=\"widget\" data-widget_type=\"wd_products_tabs.default\">\n\t\t\t\t<div class=\"elementor-widget-container\">\n\t\t\t\t\t\t\t<div class=\"wd-tabs wd-products-tabs tabs-design-default\">\n\t\t\t<div class=\"wd-tabs-header text-center\">\n\t\t\t\t\n\t\t\t\t\n\t\t\t\t<div class=\"wd-nav-wrapper wd-nav-tabs-wrapper tabs-navigation-wrapper\">\n\n\t\t\t\t\t<ul class=\"wd-nav wd-nav-tabs products-tabs-title wd-style-underline wd-icon-pos-top\">\n\t\t\t\t\t\t\t\t\t\t\t\t\t\n\t\t\t\t\t\t\t<li data-atts=\"{&quot;layout&quot;:&quot;grid&quot;,&quot;pagination&quot;:&quot;&quot;,&quot;pagination_arrows_position&quot;:null,&quot;items_per_page&quot;:12,&quot;spacing&quot;:&quot;20&quot;,&quot;spacing_tablet&quot;:&quot;&quot;,&quot;spacing_mobile&quot;:&quot;&quot;,&quot;columns&quot;:{&quot;unit&quot;:&quot;px&quot;,&quot;size&quot;:4,&quot;sizes&quot;:[]},&quot;products_masonry&quot;:&quot;&quot;,&quot;products_different_sizes&quot;:&quot;&quot;,&quot;product_quantity&quot;:&quot;&quot;,&quot;product_hover&quot;:&quot;inherit&quot;,&quot;sale_countdown&quot;:&quot;0&quot;,&quot;stretch_product_tablet&quot;:0,&quot;stretch_product_mobile&quot;:0,&quot;stock_progress_bar&quot;:&quot;0&quot;,&quot;highlighted_products&quot;:0,&quot;products_divider&quot;:null,&quot;products_bordered_grid&quot;:&quot;0&quot;,&quot;products_bordered_grid_style&quot;:null,&quot;products_with_background&quot;:&quot;0&quot;,&quot;products_shadow&quot;:&quot;0&quot;,&quot;products_color_scheme&quot;:&quot;default&quot;,&quot;img_size&quot;:&quot;large&quot;,&quot;elementor&quot;:true,&quot;sync_parent_id&quot;:null,&quot;slides_per_view&quot;:null,&quot;scroll_per_page&quot;:null,&quot;center_mode&quot;:null,&quot;wrap&quot;:null,&quot;autoheight&quot;:null,&quot;autoplay&quot;:null,&quot;speed&quot;:null,&quot;scroll_carousel_init&quot;:null,&quot;disable_overflow_carousel&quot;:null,&quot;hide_prev_next_buttons&quot;:null,&quot;carousel_arrows_position&quot;:null,&quot;hide_pagination_control&quot;:null,&quot;dynamic_pagination_control&quot;:null,&quot;hide_scrollbar&quot;:null,&quot;carousel_sync&quot;:null,&quot;sync_child_id&quot;:null,&quot;img_size_custom&quot;:null,&quot;stretch_product&quot;:null,&quot;grid_gallery&quot;:&quot;&quot;,&quot;grid_gallery_control&quot;:null,&quot;grid_gallery_enable_arrows&quot;:null,&quot;lazy_loading&quot;:&quot;no&quot;,&quot;taxonomies&quot;:[&quot;142&quot;],&quot;post_type&quot;:&quot;product&quot;,&quot;ajax_recently_viewed&quot;:null,&quot;include&quot;:null,&quot;orderby&quot;:&quot;&quot;,&quot;offset&quot;:&quot;&quot;,&quot;query_type&quot;:&quot;OR&quot;,&quot;order&quot;:&quot;&quot;,&quot;hide_out_of_stock&quot;:&quot;no&quot;,&quot;meta_key&quot;:null,&quot;exclude&quot;:&quot;&quot;}\" class=\" wd-active\">\n\t\t\t\t\t\t\t\t<a href=\"#\" class=\"wd-nav-link\">\n\t\t\t\t\t\t\t\t\t\n\t\t\t\t\t\t\t\t\t<span class=\"tab-label nav-link-text\">\n\t\t\t\t\t\t\t\t\t\tGERIAUSIAI PARDUOTAI\t\t\t\t\t\t\t\t\t<\/span>\n\t\t\t\t\t\t\t\t<\/a>\n\t\t\t\t\t\t\t<\/li>\n\t\t\t\t\t\t\t\t\t\t\t\t\t\n\t\t\t\t\t\t\t<li data-atts=\"{&quot;layout&quot;:&quot;grid&quot;,&quot;pagination&quot;:&quot;&quot;,&quot;pagination_arrows_position&quot;:null,&quot;items_per_page&quot;:12,&quot;spacing&quot;:&quot;20&quot;,&quot;spacing_tablet&quot;:&quot;&quot;,&quot;spacing_mobile&quot;:&quot;&quot;,&quot;columns&quot;:{&quot;unit&quot;:&quot;px&quot;,&quot;size&quot;:4,&quot;sizes&quot;:[]},&quot;products_masonry&quot;:&quot;&quot;,&quot;products_different_sizes&quot;:&quot;&quot;,&quot;product_quantity&quot;:&quot;&quot;,&quot;product_hover&quot;:&quot;inherit&quot;,&quot;sale_countdown&quot;:&quot;0&quot;,&quot;stretch_product_tablet&quot;:0,&quot;stretch_product_mobile&quot;:0,&quot;stock_progress_bar&quot;:&quot;0&quot;,&quot;highlighted_products&quot;:0,&quot;products_divider&quot;:null,&quot;products_bordered_grid&quot;:&quot;0&quot;,&quot;products_bordered_grid_style&quot;:null,&quot;products_with_background&quot;:&quot;0&quot;,&quot;products_shadow&quot;:&quot;0&quot;,&quot;products_color_scheme&quot;:&quot;default&quot;,&quot;img_size&quot;:&quot;large&quot;,&quot;elementor&quot;:true,&quot;sync_parent_id&quot;:null,&quot;slides_per_view&quot;:null,&quot;scroll_per_page&quot;:null,&quot;center_mode&quot;:null,&quot;wrap&quot;:null,&quot;autoheight&quot;:null,&quot;autoplay&quot;:null,&quot;speed&quot;:null,&quot;scroll_carousel_init&quot;:null,&quot;disable_overflow_carousel&quot;:null,&quot;hide_prev_next_buttons&quot;:null,&quot;carousel_arrows_position&quot;:null,&quot;hide_pagination_control&quot;:null,&quot;dynamic_pagination_control&quot;:null,&quot;hide_scrollbar&quot;:null,&quot;carousel_sync&quot;:null,&quot;sync_child_id&quot;:null,&quot;img_size_custom&quot;:null,&quot;stretch_product&quot;:null,&quot;grid_gallery&quot;:&quot;&quot;,&quot;grid_gallery_control&quot;:null,&quot;grid_gallery_enable_arrows&quot;:null,&quot;lazy_loading&quot;:&quot;no&quot;,&quot;taxonomies&quot;:[&quot;142&quot;],&quot;post_type&quot;:&quot;product&quot;,&quot;ajax_recently_viewed&quot;:null,&quot;include&quot;:null,&quot;orderby&quot;:&quot;&quot;,&quot;offset&quot;:&quot;&quot;,&quot;query_type&quot;:&quot;OR&quot;,&quot;order&quot;:&quot;&quot;,&quot;hide_out_of_stock&quot;:&quot;no&quot;,&quot;meta_key&quot;:null,&quot;exclude&quot;:&quot;&quot;}\" class=\"\">\n\t\t\t\t\t\t\t\t<a href=\"#\" class=\"wd-nav-link\">\n\t\t\t\t\t\t\t\t\t\n\t\t\t\t\t\t\t\t\t<span class=\"tab-label nav-link-text\">\n\t\t\t\t\t\t\t\t\t\tYPATINGI\t\t\t\t\t\t\t\t\t<\/span>\n\t\t\t\t\t\t\t\t<\/a>\n\t\t\t\t\t\t\t<\/li>\n\t\t\t\t\t\t\t\t\t\t\t\t\t\n\t\t\t\t\t\t\t<li data-atts=\"{&quot;layout&quot;:&quot;grid&quot;,&quot;pagination&quot;:&quot;&quot;,&quot;pagination_arrows_position&quot;:null,&quot;items_per_page&quot;:12,&quot;spacing&quot;:&quot;20&quot;,&quot;spacing_tablet&quot;:&quot;&quot;,&quot;spacing_mobile&quot;:&quot;&quot;,&quot;columns&quot;:{&quot;unit&quot;:&quot;px&quot;,&quot;size&quot;:4,&quot;sizes&quot;:[]},&quot;products_masonry&quot;:&quot;&quot;,&quot;products_different_sizes&quot;:&quot;&quot;,&quot;product_quantity&quot;:&quot;&quot;,&quot;product_hover&quot;:&quot;inherit&quot;,&quot;sale_countdown&quot;:&quot;0&quot;,&quot;stretch_product_tablet&quot;:0,&quot;stretch_product_mobile&quot;:0,&quot;stock_progress_bar&quot;:&quot;0&quot;,&quot;highlighted_products&quot;:0,&quot;products_divider&quot;:null,&quot;products_bordered_grid&quot;:&quot;0&quot;,&quot;products_bordered_grid_style&quot;:null,&quot;products_with_background&quot;:&quot;0&quot;,&quot;products_shadow&quot;:&quot;0&quot;,&quot;products_color_scheme&quot;:&quot;default&quot;,&quot;img_size&quot;:&quot;large&quot;,&quot;elementor&quot;:true,&quot;sync_parent_id&quot;:null,&quot;slides_per_view&quot;:null,&quot;scroll_per_page&quot;:null,&quot;center_mode&quot;:null,&quot;wrap&quot;:null,&quot;autoheight&quot;:null,&quot;autoplay&quot;:null,&quot;speed&quot;:null,&quot;scroll_carousel_init&quot;:null,&quot;disable_overflow_carousel&quot;:null,&quot;hide_prev_next_buttons&quot;:null,&quot;carousel_arrows_position&quot;:null,&quot;hide_pagination_control&quot;:null,&quot;dynamic_pagination_control&quot;:null,&quot;hide_scrollbar&quot;:null,&quot;carousel_sync&quot;:null,&quot;sync_child_id&quot;:null,&quot;img_size_custom&quot;:null,&quot;stretch_product&quot;:null,&quot;grid_gallery&quot;:&quot;&quot;,&quot;grid_gallery_control&quot;:null,&quot;grid_gallery_enable_arrows&quot;:null,&quot;lazy_loading&quot;:&quot;no&quot;,&quot;taxonomies&quot;:[&quot;142&quot;],&quot;post_type&quot;:&quot;product&quot;,&quot;ajax_recently_viewed&quot;:null,&quot;include&quot;:null,&quot;orderby&quot;:&quot;&quot;,&quot;offset&quot;:&quot;&quot;,&quot;query_type&quot;:&quot;OR&quot;,&quot;order&quot;:&quot;&quot;,&quot;hide_out_of_stock&quot;:&quot;no&quot;,&quot;meta_key&quot;:null,&quot;exclude&quot;:&quot;&quot;}\" class=\"\">\n\t\t\t\t\t\t\t\t<a href=\"#\" class=\"wd-nav-link\">\n\t\t\t\t\t\t\t\t\t\n\t\t\t\t\t\t\t\t\t<span class=\"tab-label nav-link-text\">\n\t\t\t\t\t\t\t\t\t\tI\u0160PARDAVIMAS\t\t\t\t\t\t\t\t\t<\/span>\n\t\t\t\t\t\t\t\t<\/a>\n\t\t\t\t\t\t\t<\/li>\n\t\t\t\t\t\t\t\t\t\t\t<\/ul>\n\t\t\t\t<\/div>\n\t\t\t<\/div>\n\n\t\t\t\t\t\t\t\t\t\t\t\t<div class=\"wd-tabs-content-wrapper\">\n\t\t\t\t\t<div class=\"wd-sticky-loader\"><span class=\"wd-loader\"><\/span><\/div>\n\t\t\t\t\n\t\t\t\t\t\t\t<div class=\"wd-products-element wd-tab-content wd-active wd-in\">\n\n\t\t\t\n\t\t\t\n\t\t\t\n\t\t\t\n\t\t\t<div class=\"products wd-products grid-columns-4 elements-grid wd-grid-g\" data-paged=\"1\" data-atts=\"{&quot;speed&quot;:null,&quot;slides_per_view&quot;:null,&quot;wrap&quot;:null,&quot;autoplay&quot;:null,&quot;autoheight&quot;:null,&quot;hide_pagination_control&quot;:null,&quot;dynamic_pagination_control&quot;:null,&quot;hide_prev_next_buttons&quot;:null,&quot;carousel_arrows_position&quot;:null,&quot;hide_scrollbar&quot;:null,&quot;scroll_per_page&quot;:null,&quot;center_mode&quot;:null,&quot;carousel_sync&quot;:null,&quot;sync_parent_id&quot;:null,&quot;sync_child_id&quot;:null,&quot;scroll_carousel_init&quot;:null,&quot;disable_overflow_carousel&quot;:null,&quot;include&quot;:null,&quot;taxonomies&quot;:[&quot;142&quot;],&quot;meta_key&quot;:null,&quot;ajax_recently_viewed&quot;:null,&quot;pagination_arrows_position&quot;:null,&quot;columns&quot;:{&quot;unit&quot;:&quot;px&quot;,&quot;size&quot;:4,&quot;sizes&quot;:[]},&quot;products_masonry&quot;:&quot;&quot;,&quot;products_different_sizes&quot;:&quot;&quot;,&quot;product_quantity&quot;:&quot;&quot;,&quot;sale_countdown&quot;:&quot;0&quot;,&quot;stretch_product&quot;:null,&quot;stock_progress_bar&quot;:&quot;0&quot;,&quot;products_divider&quot;:null,&quot;products_bordered_grid&quot;:&quot;0&quot;,&quot;products_bordered_grid_style&quot;:null,&quot;products_with_background&quot;:&quot;0&quot;,&quot;products_shadow&quot;:&quot;0&quot;,&quot;img_size&quot;:&quot;large&quot;,&quot;img_size_custom&quot;:null,&quot;grid_gallery_control&quot;:null,&quot;grid_gallery_enable_arrows&quot;:null,&quot;force_not_ajax&quot;:&quot;no&quot;,&quot;wrapper_classes&quot;:&quot; wd-tab-content wd-active wd-in&quot;,&quot;elementor&quot;:true}\" data-source=\"shortcode\" data-columns=\"4\" data-grid-gallery=\"\" style=\"--wd-col-lg:4;--wd-col-md:4;--wd-col-sm:2;--wd-gap-lg:20px;--wd-gap-sm:10px;\">\n\t\t\n\t\t\t\t\t\t\t\t<div class=\"wd-product wd-with-labels wd-hover-base wd-hover-with-fade wd-col product-grid-item product product-no-swatches _wholesalex wsx-wholesalex-product type-product post-31824 status-publish instock product_cat-glutox-en-2 has-post-thumbnail sale taxable shipping-taxable purchasable product-type-simple\" data-loop=\"1\" data-id=\"31824\">\n\t\n\t\n<div class=\"product-wrapper\">\n\t<div class=\"content-product-imagin\"><\/div>\n\t<div class=\"product-element-top wd-quick-shop\">\n\t\t<a href=\"https:\/\/skinmed.lt\/en\/parduotuve\/glutox-food-supplement\/\" class=\"product-image-link\" aria-label=\"GlutOx Food Supplement: L-Glutathione Supplement for Health and Beauty\">\n\t\t\t<div class=\"product-labels labels-rounded\"><span class=\"onsale product-label\">-10%<\/span><\/div><img fetchpriority=\"high\" decoding=\"async\" width=\"800\" height=\"800\" src=\"https:\/\/skinmed.lt\/wp-content\/uploads\/2024\/11\/GlutOx-Maisto-Papildai-800x800.webp\" class=\"attachment-large size-large\" alt=\"\" srcset=\"https:\/\/skinmed.lt\/wp-content\/uploads\/2024\/11\/GlutOx-Maisto-Papildai-800x800.webp 800w, https:\/\/skinmed.lt\/wp-content\/uploads\/2024\/11\/GlutOx-Maisto-Papildai-430x430.webp 430w, https:\/\/skinmed.lt\/wp-content\/uploads\/2024\/11\/GlutOx-Maisto-Papildai-150x150.webp 150w, https:\/\/skinmed.lt\/wp-content\/uploads\/2024\/11\/GlutOx-Maisto-Papildai-700x700.webp 700w, https:\/\/skinmed.lt\/wp-content\/uploads\/2024\/11\/GlutOx-Maisto-Papildai-300x300.webp 300w, https:\/\/skinmed.lt\/wp-content\/uploads\/2024\/11\/GlutOx-Maisto-Papildai-768x768.webp 768w, https:\/\/skinmed.lt\/wp-content\/uploads\/2024\/11\/GlutOx-Maisto-Papildai.webp 1024w\" sizes=\"(max-width: 800px) 100vw, 800px\" title=\"\">\t\t<\/a>\n\n\t\t\t\t\t<div class=\"hover-img\">\n\t\t\t\t<img decoding=\"async\" width=\"800\" height=\"800\" src=\"https:\/\/skinmed.lt\/wp-content\/uploads\/2024\/11\/GlutOx-Maisto-Papildai-1-800x800.webp\" class=\"attachment-large size-large\" alt=\"\" srcset=\"https:\/\/skinmed.lt\/wp-content\/uploads\/2024\/11\/GlutOx-Maisto-Papildai-1-800x800.webp 800w, https:\/\/skinmed.lt\/wp-content\/uploads\/2024\/11\/GlutOx-Maisto-Papildai-1-430x430.webp 430w, https:\/\/skinmed.lt\/wp-content\/uploads\/2024\/11\/GlutOx-Maisto-Papildai-1-150x150.webp 150w, https:\/\/skinmed.lt\/wp-content\/uploads\/2024\/11\/GlutOx-Maisto-Papildai-1-700x700.webp 700w, https:\/\/skinmed.lt\/wp-content\/uploads\/2024\/11\/GlutOx-Maisto-Papildai-1-300x300.webp 300w, https:\/\/skinmed.lt\/wp-content\/uploads\/2024\/11\/GlutOx-Maisto-Papildai-1-768x768.webp 768w, https:\/\/skinmed.lt\/wp-content\/uploads\/2024\/11\/GlutOx-Maisto-Papildai-1.webp 1024w\" sizes=\"(max-width: 800px) 100vw, 800px\" title=\"\">\t\t\t<\/div>\n\t\t\t\n\t\t<div class=\"wrapp-swatches\">\t\t<div class=\"wd-compare-btn product-compare-button wd-action-btn wd-style-icon wd-compare-icon\">\n\t\t\t<a href=\"https:\/\/skinmed.lt\/en\/compare\/\" data-id=\"28021\" rel=\"nofollow\" data-added-text=\"Compare products\">\n\t\t\t\t<span>Add to compare<\/span>\n\t\t\t<\/a>\n\t\t<\/div>\n\t\t<\/div>\n\t<\/div>\n\n\t<div class=\"product-element-bottom product-information\">\n\t\t<h3 class=\"wd-entities-title\"><a href=\"https:\/\/skinmed.lt\/en\/parduotuve\/glutox-food-supplement\/\">GlutOx Food Supplement: L-Glutathione Supplement for Health and Beauty<\/a><\/h3>\t\t\t\t<div class=\"wd-product-cats\">\n\t\t\t<a href=\"https:\/\/skinmed.lt\/en\/skin-care\/glutox-en-2\/\" rel=\"tag\">GlutOx<\/a>\t\t<\/div>\n\t\t\t\t<div class=\"product-rating-price\">\n\t\t\t<div class=\"wrapp-product-price\">\n\t\t\t\t\n\t<span class=\"price\"><del aria-hidden=\"true\"><span class=\"woocommerce-Price-amount amount\"><bdi>47.00&nbsp;<span class=\"woocommerce-Price-currencySymbol\">&euro;<\/span><\/bdi><\/span><\/del> <span class=\"screen-reader-text\">Original price was: 47.00&nbsp;&euro;.<\/span><ins aria-hidden=\"true\"><span class=\"woocommerce-Price-amount amount\"><bdi>42.30&nbsp;<span class=\"woocommerce-Price-currencySymbol\">&euro;<\/span><\/bdi><\/span><\/ins><span class=\"screen-reader-text\">Current price is: 42.30&nbsp;&euro;.<\/span><\/span>\n\t\t\t\t\t\t\t<\/div>\n\t\t<\/div>\n\t\t\t\t<div class=\"fade-in-block wd-scroll\">\n\t\t\t<div class=\"hover-content wd-more-desc\">\n\t\t\t\t<div class=\"hover-content-inner wd-more-desc-inner\">\n\t\t\t\t\t<big>L-Glutathione 500 mg<\/big>\n<big>N30 capsules<\/big>\t\t\t\t<\/div>\n\t\t\t\t<a href=\"#\" rel=\"nofollow\" class=\"wd-more-desc-btn\" aria-label=\"Read more description\"><\/a>\n\t\t\t<\/div>\n\t\t\t<div class=\" wd-bottom-actions\">\n\t\t\t\t<div class=\"wrap-wishlist-button\">\t\t\t<div class=\"wd-wishlist-btn wd-action-btn wd-style-icon wd-wishlist-icon\">\n\t\t\t\t<a class=\"\" href=\"https:\/\/skinmed.lt\/en\/wishlist\/\" data-key=\"93f8f2423a\" data-product-id=\"28021\" rel=\"nofollow\" data-added-text=\"Browse Wishlist\">\n\t\t\t\t\t<span>Add to wishlist<\/span>\n\t\t\t\t<\/a>\n\t\t\t<\/div>\n\t\t<\/div>\n\t\t\t\t<div class=\"wd-add-btn wd-add-btn-replace\">\n\t\t\t\t\t<a href=\"\/en\/wp-json\/wp\/v2\/pages\/31920?add-to-cart=31824\" aria-describedby=\"woocommerce_loop_add_to_cart_link_describedby_31824\" data-quantity=\"1\" class=\"button product_type_simple add_to_cart_button ajax_add_to_cart add-to-cart-loop\" data-product_id=\"31824\" data-product_sku=\"\" aria-label=\"Add to cart: &ldquo;GlutOx Food Supplement: L-Glutathione Supplement for Health and Beauty&rdquo;\" rel=\"nofollow\" data-success_message=\"&ldquo;GlutOx Food Supplement: L-Glutathione Supplement for Health and Beauty&rdquo; has been added to your cart\" role=\"button\"><span>Add to cart<\/span><\/a>\t<span id=\"woocommerce_loop_add_to_cart_link_describedby_31824\" class=\"screen-reader-text\">\n\t\t\t<\/span>\n\t\t\t\t\t\t\t\t\t\t\t\t\t\t\t\t\t\t\t\t<\/div>\n\t\t\t\t<div class=\"wrap-quickview-button\">\t\t<div class=\"quick-view wd-action-btn wd-style-icon wd-quick-view-icon\">\n\t\t\t<a\n\t\t\t\thref=\"https:\/\/skinmed.lt\/en\/parduotuve\/glutox-food-supplement\/\"\n\t\t\t\tclass=\"open-quick-view quick-view-button\"\n\t\t\t\trel=\"nofollow\"\n\t\t\t\tdata-id=\"31824\"\n\t\t\t\t>Quick view<\/a>\n\t\t<\/div>\n\t\t<\/div>\n\t\t\t<\/div>\n\n\t\t\t\t\t\t\n\t\t\t\t\t<\/div>\n\t<\/div>\n<\/div>\n<\/div>\n\t\t\n\t\t\t\t<\/div>\n\t\n\t\t\n\t\t\n\t\t\t\t\t<\/div>\n\t\t\n\t\t\n\t\t\t\t\t<\/div>\n\t\t\t\t\t\t\t\t\t<\/div>\n\t\t\t\t\t\t<\/div>\n\t\t\t\t<\/div>\n\t\t\t\t\t<\/div>\n\t\t<\/div>\n\t\t\t\t\t<\/div>\n\t\t<\/section>\n\t\t<div class=\"wd-negative-gap elementor-element elementor-element-eb5d039 e-flex e-con-boxed e-con e-parent\" data-id=\"eb5d039\" data-element_type=\"container\">\n\t\t\t\t\t<div class=\"e-con-inner\">\n\t\t\t\t<div class=\"elementor-element elementor-element-f78b210 elementor-widget elementor-widget-wd_text_block\" data-id=\"f78b210\" data-element_type=\"widget\" data-widget_type=\"wd_text_block.default\">\n\t\t\t\t<div class=\"elementor-widget-container\">\n\t\t\t\t\t\t\t<div class=\"wd-text-block reset-last-child text-left\">\n\t\t\t\n\t\t\t\n\t\t\t\t\t<\/div>\n\t\t\t\t\t\t<\/div>\n\t\t\t\t<\/div>\n\t\t\t\t\t<\/div>\n\t\t\t\t<\/div>\n\t\t<div class=\"wd-negative-gap elementor-element elementor-element-2e6d56a e-flex e-con-boxed e-con e-parent\" data-id=\"2e6d56a\" data-element_type=\"container\">\n\t\t\t\t\t<div class=\"e-con-inner\">\n\t\t<div class=\"elementor-element elementor-element-8192db4 e-con-full e-flex e-con e-child\" data-id=\"8192db4\" data-element_type=\"container\">\n\t\t\t\t<div class=\"elementor-element elementor-element-fb2ae7f elementor-widget elementor-widget-heading\" data-id=\"fb2ae7f\" data-element_type=\"widget\" data-widget_type=\"heading.default\">\n\t\t\t\t<div class=\"elementor-widget-container\">\n\t\t\t\t\t<h2 class=\"elementor-heading-title elementor-size-default\">GlutOx Maisto Papildas<\/h2>\t\t\t\t<\/div>\n\t\t\t\t<\/div>\n\t\t\t\t<div class=\"elementor-element elementor-element-bf8a56c elementor-widget elementor-widget-wd_text_block\" data-id=\"bf8a56c\" data-element_type=\"widget\" data-widget_type=\"wd_text_block.default\">\n\t\t\t\t<div class=\"elementor-widget-container\">\n\t\t\t\t\t\t\t<div class=\"wd-text-block reset-last-child text-left\">\n\t\t\t\n\t\t\t<p data-pm-slice=\"1 1 []\"><strong>GlutOx<\/strong> yra auk\u0161tos kokyb\u0117s <strong>L-glutationo papildas<\/strong>, kuris padeda stiprinti organizmo apsaugines funkcijas, skatina odos spindes\u012f ir palaiko bendr\u0105 sveikat\u0105. <strong>GlutOx 500 mg<\/strong> kapsul\u0117s, parduodamos pakuot\u0117se po 30 kapsuli\u0173, yra puikus pasirinkimas tiems, kurie ie\u0161ko efektyvaus b\u016bdo pagerinti savo sveikat\u0105 ir gro\u017e\u012f.<\/p><h3 data-pm-slice=\"1 1 []\">Kas yra L-glutationas?<\/h3><p><strong>L-glutationas<\/strong> yra nat\u016bralus antioksidantas, kuris randamas kiekvienoje \u017emogaus organizmo l\u0105stel\u0117je. Jis atlieka svarb\u0173 vaidmen\u012f detoksikacijos procese, padeda kovoti su laisvaisiais radikalais ir apsaugo l\u0105steles nuo oksidacin\u0117s pa\u017eaid\u0173. D\u0117l savo geb\u0117jimo stiprinti imunin\u0119 sistem\u0105, <strong>L-glutationas<\/strong> yra nepakei\u010diamas papildas tiek sveikatai, tiek gro\u017eiui.<\/p><h3>GlutOx Papildo Privalumai<\/h3><ol start=\"1\" data-spread=\"true\"><li><p><strong>Stiprina Imunitet\u0105<\/strong><br \/><strong>GlutOx<\/strong> padeda organizmui kovoti su infekcijomis ir stiprina nat\u016bral\u0173 atsparum\u0105 ligoms.<\/p><\/li><li><p><strong>Skatina Odos Spindes\u012f<\/strong><br \/>Reguliarus <strong>GlutOx<\/strong> naudojimas gali pad\u0117ti suma\u017einti pigmentines d\u0117mes, pagerinti odos tonus\u0105 ir suteikti jai sveik\u0105 spindes\u012f.<\/p><\/li><li><p><strong>Detoksikacija ir Energija<\/strong><br \/><strong>L-glutationas<\/strong> padeda organizmui \u0161alinti toksinus, o tai gali pagerinti energijos lyg\u012f ir bendra savijaut\u0105.<\/p><\/li><li><p><strong>Apsauga Nuo Sen\u0117jimo<\/strong><br \/>D\u0117l savo antioksidacini\u0173 savybi\u0173, <strong>GlutOx<\/strong> padeda kovoti su prie\u0161laikinio sen\u0117jimo \u017eenklais.<\/p><\/li><\/ol><h3>Kaip Vartoti GlutOx?<\/h3><p>Rekomenduojama vartoti <strong>1 kapsul\u0119 per dien\u0105<\/strong>, geriausia ryte, su stikline vandens. Nerekomenduojama vir\u0161yti nustatytos dienos normos.<\/p><h3>Kod\u0117l Verta Rinktis GlutOx Lietuvoje?<\/h3><ol start=\"1\" data-spread=\"true\"><li><p><strong>Auk\u0161ta Kokyb\u0117<\/strong><br \/><strong>GlutOx<\/strong> gaminamas pagal grie\u017etus kokyb\u0117s standartus, u\u017etikrinant grynum\u0105 ir veiksmingum\u0105.<\/p><\/li><li><p><strong>Patogi Pakuot\u0117<\/strong><br \/><strong>N30 kapsuli\u0173<\/strong> pakuot\u0117 u\u017etikrina patogum\u0105 vartojant kasdien.<\/p><\/li><li><p><strong>Platus Prieinamumas<\/strong><br \/><strong>GlutOx<\/strong> galima \u012fsigyti internetu ir vaistin\u0117se visoje Lietuvoje.<\/p><\/li><\/ol><p>Jei ie\u0161kote efektyvaus b\u016bdo stiprinti savo sveikat\u0105, pagerinti odos b\u016bl\u0117 ir padidinti energijos lyg\u012f, <strong>GlutOx L-glutationo papildas<\/strong> yra puikus pasirinkimas. \u012etraukite <strong>GlutOx<\/strong> \u012f savo kasdien\u012f racion\u0105 ir pamatykite teigiamus poky\u010dius jau po keli\u0173 savai\u010di\u0173!<\/p>\n\t\t\t\t\t<\/div>\n\t\t\t\t\t\t<\/div>\n\t\t\t\t<\/div>\n\t\t\t\t<\/div>\n\t\t\t\t\t<\/div>\n\t\t\t\t<\/div>\n\t\t\t\t<\/div>\n\t\t","protected":false},"excerpt":{"rendered":"<p>GERIAUSIAI PARDUOTAI YPATINGI I\u0160PARDAVIMAS Array GlutOx Maisto Papildas GlutOx yra auk\u0161tos kokyb\u0117s L-glutationo papildas, kuris padeda stiprinti organizmo apsaugines funkcijas,<\/p>\n","protected":false},"author":3,"featured_media":0,"parent":31369,"menu_order":0,"comment_status":"closed","ping_status":"closed","template":"elementor_header_footer","meta":{"footnotes":""},"class_list":["post-31920","page","type-page","status-publish","hentry","_wholesalex wsx-wholesalex-product"],"_links":{"self":[{"href":"https:\/\/skinmed.lt\/en\/wp-json\/wp\/v2\/pages\/31920","targetHints":{"allow":["GET"]}}],"collection":[{"href":"https:\/\/skinmed.lt\/en\/wp-json\/wp\/v2\/pages"}],"about":[{"href":"https:\/\/skinmed.lt\/en\/wp-json\/wp\/v2\/types\/page"}],"author":[{"embeddable":true,"href":"https:\/\/skinmed.lt\/en\/wp-json\/wp\/v2\/users\/3"}],"replies":[{"embeddable":true,"href":"https:\/\/skinmed.lt\/en\/wp-json\/wp\/v2\/comments?post=31920"}],"version-history":[{"count":0,"href":"https:\/\/skinmed.lt\/en\/wp-json\/wp\/v2\/pages\/31920\/revisions"}],"up":[{"embeddable":true,"href":"https:\/\/skinmed.lt\/en\/wp-json\/wp\/v2\/pages\/31369"}],"wp:attachment":[{"href":"https:\/\/skinmed.lt\/en\/wp-json\/wp\/v2\/media?parent=31920"}],"curies":[{"name":"wp","href":"https:\/\/api.w.org\/{rel}","templated":true}]}}