{"id":31919,"date":"2025-01-19T03:31:27","date_gmt":"2025-01-19T03:31:27","guid":{"rendered":"https:\/\/skinmed.lt\/brands\/genosys\/"},"modified":"2025-04-24T16:16:37","modified_gmt":"2025-04-24T16:16:37","slug":"genosys","status":"publish","type":"page","link":"https:\/\/skinmed.lt\/en\/brands\/genosys\/","title":{"rendered":"Genosys"},"content":{"rendered":"\t\t<div data-elementor-type=\"wp-page\" data-elementor-id=\"31919\" class=\"elementor elementor-31919 elementor-29355\" data-elementor-post-type=\"page\">\n\t\t\t\t<div class=\"wd-negative-gap elementor-element elementor-element-ae3ecb0 e-flex e-con-boxed e-con e-parent\" data-id=\"ae3ecb0\" data-element_type=\"container\">\n\t\t\t\t\t<div class=\"e-con-inner\">\n\t\t\t\t<div class=\"elementor-element elementor-element-267205a elementor-widget elementor-widget-heading\" data-id=\"267205a\" data-element_type=\"widget\" data-widget_type=\"heading.default\">\n\t\t\t\t<div class=\"elementor-widget-container\">\n\t\t\t\t\t<h1 class=\"elementor-heading-title elementor-size-default\">GENOSYS<\/h1>\t\t\t\t<\/div>\n\t\t\t\t<\/div>\n\t\t\t\t\t<\/div>\n\t\t\t\t<\/div>\n\t\t\t\t<section class=\"wd-negative-gap elementor-section elementor-top-section elementor-element elementor-element-1ad228eb wd-section-stretch elementor-section-boxed elementor-section-height-default elementor-section-height-default\" data-id=\"1ad228eb\" data-element_type=\"section\" data-settings=\"{&quot;background_background&quot;:&quot;classic&quot;}\">\n\t\t\t\t\t\t<div class=\"elementor-container elementor-column-gap-default\">\n\t\t\t\t\t<div class=\"elementor-column elementor-col-100 elementor-top-column elementor-element elementor-element-6e6562f4\" data-id=\"6e6562f4\" data-element_type=\"column\">\n\t\t\t<div class=\"elementor-widget-wrap elementor-element-populated\">\n\t\t\t\t\t\t<div class=\"elementor-element elementor-element-3bdf50e1 elementor-widget elementor-widget-wd_products_tabs\" data-id=\"3bdf50e1\" data-element_type=\"widget\" data-widget_type=\"wd_products_tabs.default\">\n\t\t\t\t<div class=\"elementor-widget-container\">\n\t\t\t\t\t\t\t<div class=\"wd-tabs wd-products-tabs tabs-design-default\">\n\t\t\t<div class=\"wd-tabs-header text-center\">\n\t\t\t\t\n\t\t\t\t\n\t\t\t\t<div class=\"wd-nav-wrapper wd-nav-tabs-wrapper tabs-navigation-wrapper\">\n\n\t\t\t\t\t<ul class=\"wd-nav wd-nav-tabs products-tabs-title wd-style-underline wd-icon-pos-top\">\n\t\t\t\t\t\t\t\t\t\t\t\t\t\n\t\t\t\t\t\t\t<li data-atts=\"{&quot;layout&quot;:&quot;grid&quot;,&quot;pagination&quot;:&quot;&quot;,&quot;pagination_arrows_position&quot;:null,&quot;items_per_page&quot;:12,&quot;spacing&quot;:&quot;20&quot;,&quot;spacing_tablet&quot;:&quot;&quot;,&quot;spacing_mobile&quot;:&quot;&quot;,&quot;columns&quot;:{&quot;unit&quot;:&quot;px&quot;,&quot;size&quot;:4,&quot;sizes&quot;:[]},&quot;products_masonry&quot;:&quot;&quot;,&quot;products_different_sizes&quot;:&quot;&quot;,&quot;product_quantity&quot;:&quot;&quot;,&quot;product_hover&quot;:&quot;inherit&quot;,&quot;sale_countdown&quot;:&quot;0&quot;,&quot;stretch_product_tablet&quot;:0,&quot;stretch_product_mobile&quot;:0,&quot;stock_progress_bar&quot;:&quot;0&quot;,&quot;highlighted_products&quot;:0,&quot;products_divider&quot;:null,&quot;products_bordered_grid&quot;:&quot;0&quot;,&quot;products_bordered_grid_style&quot;:null,&quot;products_with_background&quot;:&quot;0&quot;,&quot;products_shadow&quot;:&quot;0&quot;,&quot;products_color_scheme&quot;:&quot;default&quot;,&quot;img_size&quot;:&quot;large&quot;,&quot;elementor&quot;:true,&quot;sync_parent_id&quot;:null,&quot;slides_per_view&quot;:null,&quot;scroll_per_page&quot;:null,&quot;center_mode&quot;:null,&quot;wrap&quot;:null,&quot;autoheight&quot;:null,&quot;autoplay&quot;:null,&quot;speed&quot;:null,&quot;scroll_carousel_init&quot;:null,&quot;disable_overflow_carousel&quot;:null,&quot;hide_prev_next_buttons&quot;:null,&quot;carousel_arrows_position&quot;:null,&quot;hide_pagination_control&quot;:null,&quot;dynamic_pagination_control&quot;:null,&quot;hide_scrollbar&quot;:null,&quot;carousel_sync&quot;:null,&quot;sync_child_id&quot;:null,&quot;img_size_custom&quot;:null,&quot;stretch_product&quot;:null,&quot;grid_gallery&quot;:&quot;&quot;,&quot;grid_gallery_control&quot;:null,&quot;grid_gallery_enable_arrows&quot;:null,&quot;lazy_loading&quot;:&quot;no&quot;,&quot;taxonomies&quot;:[&quot;86&quot;],&quot;orderby&quot;:&quot;rand&quot;,&quot;post_type&quot;:&quot;product&quot;,&quot;ajax_recently_viewed&quot;:null,&quot;include&quot;:null,&quot;offset&quot;:&quot;&quot;,&quot;query_type&quot;:&quot;OR&quot;,&quot;order&quot;:&quot;&quot;,&quot;hide_out_of_stock&quot;:&quot;no&quot;,&quot;meta_key&quot;:null,&quot;exclude&quot;:&quot;&quot;}\" class=\" wd-active\">\n\t\t\t\t\t\t\t\t<a href=\"#\" class=\"wd-nav-link\">\n\t\t\t\t\t\t\t\t\t\n\t\t\t\t\t\t\t\t\t<span class=\"tab-label nav-link-text\">\n\t\t\t\t\t\t\t\t\t\tGERIAUSIAI PARDUOTAI\t\t\t\t\t\t\t\t\t<\/span>\n\t\t\t\t\t\t\t\t<\/a>\n\t\t\t\t\t\t\t<\/li>\n\t\t\t\t\t\t\t\t\t\t\t\t\t\n\t\t\t\t\t\t\t<li data-atts=\"{&quot;layout&quot;:&quot;grid&quot;,&quot;pagination&quot;:&quot;&quot;,&quot;pagination_arrows_position&quot;:null,&quot;items_per_page&quot;:12,&quot;spacing&quot;:&quot;20&quot;,&quot;spacing_tablet&quot;:&quot;&quot;,&quot;spacing_mobile&quot;:&quot;&quot;,&quot;columns&quot;:{&quot;unit&quot;:&quot;px&quot;,&quot;size&quot;:4,&quot;sizes&quot;:[]},&quot;products_masonry&quot;:&quot;&quot;,&quot;products_different_sizes&quot;:&quot;&quot;,&quot;product_quantity&quot;:&quot;&quot;,&quot;product_hover&quot;:&quot;inherit&quot;,&quot;sale_countdown&quot;:&quot;0&quot;,&quot;stretch_product_tablet&quot;:0,&quot;stretch_product_mobile&quot;:0,&quot;stock_progress_bar&quot;:&quot;0&quot;,&quot;highlighted_products&quot;:0,&quot;products_divider&quot;:null,&quot;products_bordered_grid&quot;:&quot;0&quot;,&quot;products_bordered_grid_style&quot;:null,&quot;products_with_background&quot;:&quot;0&quot;,&quot;products_shadow&quot;:&quot;0&quot;,&quot;products_color_scheme&quot;:&quot;default&quot;,&quot;img_size&quot;:&quot;large&quot;,&quot;elementor&quot;:true,&quot;sync_parent_id&quot;:null,&quot;slides_per_view&quot;:null,&quot;scroll_per_page&quot;:null,&quot;center_mode&quot;:null,&quot;wrap&quot;:null,&quot;autoheight&quot;:null,&quot;autoplay&quot;:null,&quot;speed&quot;:null,&quot;scroll_carousel_init&quot;:null,&quot;disable_overflow_carousel&quot;:null,&quot;hide_prev_next_buttons&quot;:null,&quot;carousel_arrows_position&quot;:null,&quot;hide_pagination_control&quot;:null,&quot;dynamic_pagination_control&quot;:null,&quot;hide_scrollbar&quot;:null,&quot;carousel_sync&quot;:null,&quot;sync_child_id&quot;:null,&quot;img_size_custom&quot;:null,&quot;stretch_product&quot;:null,&quot;grid_gallery&quot;:&quot;&quot;,&quot;grid_gallery_control&quot;:null,&quot;grid_gallery_enable_arrows&quot;:null,&quot;lazy_loading&quot;:&quot;no&quot;,&quot;taxonomies&quot;:[&quot;86&quot;],&quot;orderby&quot;:&quot;rand&quot;,&quot;post_type&quot;:&quot;product&quot;,&quot;ajax_recently_viewed&quot;:null,&quot;include&quot;:null,&quot;offset&quot;:&quot;&quot;,&quot;query_type&quot;:&quot;OR&quot;,&quot;order&quot;:&quot;&quot;,&quot;hide_out_of_stock&quot;:&quot;no&quot;,&quot;meta_key&quot;:null,&quot;exclude&quot;:&quot;&quot;}\" class=\"\">\n\t\t\t\t\t\t\t\t<a href=\"#\" class=\"wd-nav-link\">\n\t\t\t\t\t\t\t\t\t\n\t\t\t\t\t\t\t\t\t<span class=\"tab-label nav-link-text\">\n\t\t\t\t\t\t\t\t\t\tYPATINGI\t\t\t\t\t\t\t\t\t<\/span>\n\t\t\t\t\t\t\t\t<\/a>\n\t\t\t\t\t\t\t<\/li>\n\t\t\t\t\t\t\t\t\t\t\t\t\t\n\t\t\t\t\t\t\t<li data-atts=\"{&quot;layout&quot;:&quot;grid&quot;,&quot;pagination&quot;:&quot;&quot;,&quot;pagination_arrows_position&quot;:null,&quot;items_per_page&quot;:12,&quot;spacing&quot;:&quot;20&quot;,&quot;spacing_tablet&quot;:&quot;&quot;,&quot;spacing_mobile&quot;:&quot;&quot;,&quot;columns&quot;:{&quot;unit&quot;:&quot;px&quot;,&quot;size&quot;:4,&quot;sizes&quot;:[]},&quot;products_masonry&quot;:&quot;&quot;,&quot;products_different_sizes&quot;:&quot;&quot;,&quot;product_quantity&quot;:&quot;&quot;,&quot;product_hover&quot;:&quot;inherit&quot;,&quot;sale_countdown&quot;:&quot;0&quot;,&quot;stretch_product_tablet&quot;:0,&quot;stretch_product_mobile&quot;:0,&quot;stock_progress_bar&quot;:&quot;0&quot;,&quot;highlighted_products&quot;:0,&quot;products_divider&quot;:null,&quot;products_bordered_grid&quot;:&quot;0&quot;,&quot;products_bordered_grid_style&quot;:null,&quot;products_with_background&quot;:&quot;0&quot;,&quot;products_shadow&quot;:&quot;0&quot;,&quot;products_color_scheme&quot;:&quot;default&quot;,&quot;img_size&quot;:&quot;large&quot;,&quot;elementor&quot;:true,&quot;sync_parent_id&quot;:null,&quot;slides_per_view&quot;:null,&quot;scroll_per_page&quot;:null,&quot;center_mode&quot;:null,&quot;wrap&quot;:null,&quot;autoheight&quot;:null,&quot;autoplay&quot;:null,&quot;speed&quot;:null,&quot;scroll_carousel_init&quot;:null,&quot;disable_overflow_carousel&quot;:null,&quot;hide_prev_next_buttons&quot;:null,&quot;carousel_arrows_position&quot;:null,&quot;hide_pagination_control&quot;:null,&quot;dynamic_pagination_control&quot;:null,&quot;hide_scrollbar&quot;:null,&quot;carousel_sync&quot;:null,&quot;sync_child_id&quot;:null,&quot;img_size_custom&quot;:null,&quot;stretch_product&quot;:null,&quot;grid_gallery&quot;:&quot;&quot;,&quot;grid_gallery_control&quot;:null,&quot;grid_gallery_enable_arrows&quot;:null,&quot;lazy_loading&quot;:&quot;no&quot;,&quot;taxonomies&quot;:[&quot;86&quot;],&quot;orderby&quot;:&quot;rand&quot;,&quot;post_type&quot;:&quot;product&quot;,&quot;ajax_recently_viewed&quot;:null,&quot;include&quot;:null,&quot;offset&quot;:&quot;&quot;,&quot;query_type&quot;:&quot;OR&quot;,&quot;order&quot;:&quot;&quot;,&quot;hide_out_of_stock&quot;:&quot;no&quot;,&quot;meta_key&quot;:null,&quot;exclude&quot;:&quot;&quot;}\" class=\"\">\n\t\t\t\t\t\t\t\t<a href=\"#\" class=\"wd-nav-link\">\n\t\t\t\t\t\t\t\t\t\n\t\t\t\t\t\t\t\t\t<span class=\"tab-label nav-link-text\">\n\t\t\t\t\t\t\t\t\t\tI\u0160PARDAVIMAS\t\t\t\t\t\t\t\t\t<\/span>\n\t\t\t\t\t\t\t\t<\/a>\n\t\t\t\t\t\t\t<\/li>\n\t\t\t\t\t\t\t\t\t\t\t<\/ul>\n\t\t\t\t<\/div>\n\t\t\t<\/div>\n\n\t\t\t\t\t\t\t\t\t\t\t\t<div class=\"wd-tabs-content-wrapper\">\n\t\t\t\t\t<div class=\"wd-sticky-loader\"><span class=\"wd-loader\"><\/span><\/div>\n\t\t\t\t\n\t\t\t\t\t\t\t<div class=\"wd-products-element wd-tab-content wd-active wd-in\">\n\n\t\t\t\n\t\t\t\n\t\t\t\n\t\t\t\n\t\t\t<div class=\"products wd-products grid-columns-4 elements-grid wd-grid-g\" data-paged=\"1\" data-atts=\"{&quot;speed&quot;:null,&quot;slides_per_view&quot;:null,&quot;wrap&quot;:null,&quot;autoplay&quot;:null,&quot;autoheight&quot;:null,&quot;hide_pagination_control&quot;:null,&quot;dynamic_pagination_control&quot;:null,&quot;hide_prev_next_buttons&quot;:null,&quot;carousel_arrows_position&quot;:null,&quot;hide_scrollbar&quot;:null,&quot;scroll_per_page&quot;:null,&quot;center_mode&quot;:null,&quot;carousel_sync&quot;:null,&quot;sync_parent_id&quot;:null,&quot;sync_child_id&quot;:null,&quot;scroll_carousel_init&quot;:null,&quot;disable_overflow_carousel&quot;:null,&quot;include&quot;:null,&quot;taxonomies&quot;:[&quot;86&quot;],&quot;orderby&quot;:&quot;rand&quot;,&quot;meta_key&quot;:null,&quot;ajax_recently_viewed&quot;:null,&quot;pagination_arrows_position&quot;:null,&quot;columns&quot;:{&quot;unit&quot;:&quot;px&quot;,&quot;size&quot;:4,&quot;sizes&quot;:[]},&quot;products_masonry&quot;:&quot;&quot;,&quot;products_different_sizes&quot;:&quot;&quot;,&quot;product_quantity&quot;:&quot;&quot;,&quot;sale_countdown&quot;:&quot;0&quot;,&quot;stretch_product&quot;:null,&quot;stock_progress_bar&quot;:&quot;0&quot;,&quot;products_divider&quot;:null,&quot;products_bordered_grid&quot;:&quot;0&quot;,&quot;products_bordered_grid_style&quot;:null,&quot;products_with_background&quot;:&quot;0&quot;,&quot;products_shadow&quot;:&quot;0&quot;,&quot;img_size&quot;:&quot;large&quot;,&quot;img_size_custom&quot;:null,&quot;grid_gallery_control&quot;:null,&quot;grid_gallery_enable_arrows&quot;:null,&quot;force_not_ajax&quot;:&quot;no&quot;,&quot;wrapper_classes&quot;:&quot; wd-tab-content wd-active wd-in&quot;,&quot;elementor&quot;:true}\" data-source=\"shortcode\" data-columns=\"4\" data-grid-gallery=\"\" style=\"--wd-col-lg:4;--wd-col-md:4;--wd-col-sm:2;--wd-gap-lg:20px;--wd-gap-sm:10px;\">\n\t\t\n\t\t\t\t\t\t\t\t\t\t\t\t\t\t\t\t\t\t\n\t\t\t\t<\/div>\n\t\n\t\t\n\t\t\n\t\t\t\t\t<\/div>\n\t\t\n\t\t\n\t\t\t\t\t<\/div>\n\t\t\t\t\t\t\t\t\t<\/div>\n\t\t\t\t\t\t<\/div>\n\t\t\t\t<\/div>\n\t\t\t\t\t<\/div>\n\t\t<\/div>\n\t\t\t\t\t<\/div>\n\t\t<\/section>\n\t\t<div class=\"wd-negative-gap elementor-element elementor-element-6b96411 e-flex e-con-boxed e-con e-parent\" data-id=\"6b96411\" data-element_type=\"container\">\n\t\t\t\t\t<div class=\"e-con-inner\">\n\t\t<div class=\"elementor-element elementor-element-c96677b e-con-full e-flex e-con e-child\" data-id=\"c96677b\" data-element_type=\"container\">\n\t\t\t\t<div class=\"elementor-element elementor-element-d373f3a elementor-widget elementor-widget-heading\" data-id=\"d373f3a\" data-element_type=\"widget\" data-widget_type=\"heading.default\">\n\t\t\t\t<div class=\"elementor-widget-container\">\n\t\t\t\t\t<h2 class=\"elementor-heading-title elementor-size-default\">Genosys: Profesionali Odos Prie\u017ei\u016bros Kosmetika Lietuvoje<\/h2>\t\t\t\t<\/div>\n\t\t\t\t<\/div>\n\t\t\t\t<div class=\"elementor-element elementor-element-c1346ce elementor-widget elementor-widget-wd_text_block\" data-id=\"c1346ce\" data-element_type=\"widget\" data-widget_type=\"wd_text_block.default\">\n\t\t\t\t<div class=\"elementor-widget-container\">\n\t\t\t\t\t\t\t<div class=\"wd-text-block reset-last-child text-left\">\n\t\t\t\n\t\t\t<p data-pm-slice=\"1 1 []\"><strong>Genosys<\/strong> yra pasaulyje pripa\u017eintas profesionalios odos prie\u017ei\u016bros preki\u0173 \u017eenklas, sukurtas naudojant naujausias kosmetologijos ir dermatologijos technologijas. <strong>Genosys<\/strong> produktai yra skirti tiek kosmetologams, tiek kasdienei odos prie\u017ei\u016brai, padedantys atkurti odos sveikat\u0105 ir jaunatvi\u0161kum\u0105.<\/p><h3>Kod\u0117l verta rinktis Genosys?<\/h3><ol start=\"1\" data-spread=\"true\"><li><p><strong>Inovatyvi formul\u0117<\/strong><br \/>Genosys produktai sukurti naudojant aktyvius ingredientus, kurie skatina odos regeneracij\u0105 ir atkuria jos nat\u016bral\u0173 balans\u0105.<\/p><\/li><li><p><strong>Profesionali kokyb\u0117<\/strong><br \/>Genosys kosmetika naudojama gro\u017eio klinikose ir estetin\u0117s medicinos centruose visame pasaulyje.<\/p><\/li><li><p><strong>Platus produkt\u0173 asortimentas<\/strong><br \/>Genosys si\u016blo sprendimus riebiai, sausai, jautriai ir brand\u017eiai odai.<\/p><\/li><\/ol><h3>Populiariausi Genosys Produktai<\/h3><ul data-spread=\"false\"><li><p><strong>Genosys Dermafix Pen<\/strong> \u2013 mikroadatin\u0117 sistema odos atjauninimui.<\/p><\/li><li><p><strong>Genosys Snow Booster<\/strong> \u2013 intensyviai dr\u0117kinantis ir skaistinantis serumas.<\/p><\/li><li><p><strong>Genosys Anti-Wrinkle Cream<\/strong> \u2013 kremas, padedantis ma\u017einti rauk\u0161les ir stangrinti od\u0105.<\/p><\/li><li><p><strong>Genosys PHA Activator<\/strong> \u2013 odos tekst\u016br\u0105 gerinanti priemon\u0117 su PHA r\u016bg\u0161timis.<\/p><\/li><\/ul><p data-pm-slice=\"1 1 []\">Jei ie\u0161kote auk\u0161tos kokyb\u0117s, inovatyvi\u0173 odos prie\u017ei\u016bros produkt\u0173, <strong>Genosys<\/strong> yra puikus pasirinkimas. R\u016bpinkit\u0117s savo oda profesionaliais sprendimais ir pasiekite ilgalaikius rezultatus!<\/p>\n\t\t\t\t\t<\/div>\n\t\t\t\t\t\t<\/div>\n\t\t\t\t<\/div>\n\t\t\t\t<\/div>\n\t\t\t\t\t<\/div>\n\t\t\t\t<\/div>\n\t\t\t\t<\/div>\n\t\t","protected":false},"excerpt":{"rendered":"<p>GENOSYS GERIAUSIAI PARDUOTAI YPATINGI I\u0160PARDAVIMAS Array Genosys: Profesionali Odos Prie\u017ei\u016bros Kosmetika Lietuvoje Genosys yra pasaulyje pripa\u017eintas profesionalios odos prie\u017ei\u016bros preki\u0173<\/p>\n","protected":false},"author":3,"featured_media":0,"parent":31369,"menu_order":0,"comment_status":"closed","ping_status":"closed","template":"elementor_header_footer","meta":{"footnotes":""},"class_list":["post-31919","page","type-page","status-publish","hentry","_wholesalex wsx-wholesalex-product"],"_links":{"self":[{"href":"https:\/\/skinmed.lt\/en\/wp-json\/wp\/v2\/pages\/31919","targetHints":{"allow":["GET"]}}],"collection":[{"href":"https:\/\/skinmed.lt\/en\/wp-json\/wp\/v2\/pages"}],"about":[{"href":"https:\/\/skinmed.lt\/en\/wp-json\/wp\/v2\/types\/page"}],"author":[{"embeddable":true,"href":"https:\/\/skinmed.lt\/en\/wp-json\/wp\/v2\/users\/3"}],"replies":[{"embeddable":true,"href":"https:\/\/skinmed.lt\/en\/wp-json\/wp\/v2\/comments?post=31919"}],"version-history":[{"count":0,"href":"https:\/\/skinmed.lt\/en\/wp-json\/wp\/v2\/pages\/31919\/revisions"}],"up":[{"embeddable":true,"href":"https:\/\/skinmed.lt\/en\/wp-json\/wp\/v2\/pages\/31369"}],"wp:attachment":[{"href":"https:\/\/skinmed.lt\/en\/wp-json\/wp\/v2\/media?parent=31919"}],"curies":[{"name":"wp","href":"https:\/\/api.w.org\/{rel}","templated":true}]}}